{"id":579,"date":"2021-09-03T16:36:13","date_gmt":"2021-09-03T20:36:13","guid":{"rendered":"https:\/\/tienda.grupoinested.com\/?post_type=product&#038;p=579"},"modified":"2021-09-03T16:37:35","modified_gmt":"2021-09-03T20:37:35","slug":"asesoria-un-espacio-para-gestionar-tus-necesidades","status":"publish","type":"product","link":"https:\/\/tienda.grupoinested.com\/index.php\/producto\/asesoria-un-espacio-para-gestionar-tus-necesidades\/","title":{"rendered":"Asesor\u00eda: Un Espacio para Gestionar tus Necesidades"},"content":{"rendered":"<p>Un espacio para Gestionar tus necesidades. La Asesor\u00eda est\u00e1 dise\u00f1ada para que el Especialista pueda acompa\u00f1arte a explorar en la necesidad que planteas y encuentres respuestas a las preguntas que te haces para solventar aquellas situaciones que buscas resolver. Est\u00e1 abierto el espacio a: la consulta, la opini\u00f3n, sugerencias o recomendaciones. La Especialista utiliza la Pregunta como parte de su metodolog\u00eda de intervenci\u00f3n, y buscar\u00e1 que encuentres respuestas oportunas a tu requerimiento inicial. Es una sesi\u00f3n que tendr\u00e1 2 Horas de duraci\u00f3n. Una vez terminado el proceso, el cliente podr\u00e1 actuar y desarrollar su capacidad resolutiva a su necesidad.<\/p>\n<p><strong>Facilitadora:<\/strong><br \/>\n&#8211; Pisc. Juelith Delgado<\/p>\n","protected":false},"excerpt":{"rendered":"<p>Un espacio para Gestionar tus necesidades. La Asesor\u00eda est\u00e1 dise\u00f1ada para que el Especialista pueda acompa\u00f1arte a explorar en la necesidad que planteas y encuentres respuestas a las preguntas que te haces para solventar aquellas situaciones que buscas resolver. Est\u00e1 abierto el espacio a: la consulta, la opini\u00f3n, sugerencias o recomendaciones. La Especialista utiliza la &hellip;<\/p>\n<p class=\"read-more\"> <a class=\"\" href=\"https:\/\/tienda.grupoinested.com\/index.php\/producto\/asesoria-un-espacio-para-gestionar-tus-necesidades\/\"> <span class=\"screen-reader-text\">Asesor\u00eda: Un Espacio para Gestionar tus Necesidades<\/span> Leer m\u00e1s &raquo;<\/a><\/p>\n","protected":false},"featured_media":577,"template":"","meta":{"spay_email":""},"product_cat":[36],"product_tag":[],"_links":{"self":[{"href":"https:\/\/tienda.grupoinested.com\/index.php\/wp-json\/wp\/v2\/product\/579"}],"collection":[{"href":"https:\/\/tienda.grupoinested.com\/index.php\/wp-json\/wp\/v2\/product"}],"about":[{"href":"https:\/\/tienda.grupoinested.com\/index.php\/wp-json\/wp\/v2\/types\/product"}],"wp:featuredmedia":[{"embeddable":true,"href":"https:\/\/tienda.grupoinested.com\/index.php\/wp-json\/wp\/v2\/media\/577"}],"wp:attachment":[{"href":"https:\/\/tienda.grupoinested.com\/index.php\/wp-json\/wp\/v2\/media?parent=579"}],"wp:term":[{"taxonomy":"product_cat","embeddable":true,"href":"https:\/\/tienda.grupoinested.com\/index.php\/wp-json\/wp\/v2\/product_cat?post=579"},{"taxonomy":"product_tag","embeddable":true,"href":"https:\/\/tienda.grupoinested.com\/index.php\/wp-json\/wp\/v2\/product_tag?post=579"}],"curies":[{"name":"wp","href":"https:\/\/api.w.org\/{rel}","templated":true}]}}